{"id":7,"date":"2022-01-31T14:22:30","date_gmt":"2022-01-31T14:22:30","guid":{"rendered":"https:\/\/cf-bibliographie.infectopharm.de\/?page_id=7"},"modified":"2023-05-04T08:22:21","modified_gmt":"2023-05-04T08:22:21","slug":"impressum","status":"publish","type":"page","link":"https:\/\/cf-bibliographie.infectopharm.de\/?page_id=7","title":{"rendered":"Impressum"},"content":{"rendered":"<div class=\"fusion-title title fusion-title-1 fusion-sep-none fusion-title-text fusion-title-size-one fusion-border-below-title\">\n<h2 class=\"title-heading-left fusion-responsive-typography-calculated\" data-fontsize=\"34\" data-lineheight=\"47.6px\">Impressum<\/h2>\n<\/div>\n<div class=\"fusion-text fusion-text-1\">\n<p>(Angaben gem\u00e4\u00df \u00a7 5 TMG)<\/p>\n<h3 class=\"fusion-responsive-typography-calculated\" data-fontsize=\"28\" data-lineheight=\"42px\">Herausgeber<\/h3>\n<p>InfectoPharm Arzneimittel und Consilium GmbH<br \/>\nVon-Humboldt-Str. 1<br \/>\n64646 Heppenheim<\/p>\n<p>Telefon: 06252 957000<br \/>\nFax: 06252 958844<br \/>\nE-Mail: kontakt@infectopharm.com<\/p>\n<p>Gesch\u00e4ftsf\u00fchrer: Philipp Z\u00f6ller (Vors.), Michael Gilster, Dr. Markus Rudolph, Dr. Aldo Ammendola<\/p>\n<p>Registergericht: Darmstadt \u2013 HRB 24623<br \/>\nUSt.-IdNr.: DE 172949642<\/p>\n<p>Verantwortlich f\u00fcr den Inhalt: Dr. Markus Rudolph<\/p>\n<p>Copyright: Die Inhalte dieser Seiten sind urheberrechtlich gesch\u00fctzt. Alle Rechte, insbesondere die der Vervielf\u00e4ltigung, der \u00dcbersetzung, der Verwendung in elektronischen bzw. mechanischen Systemen und der Wiedergabe der Inhalte in jeder Form beh\u00e4lt sich der Urheber vor. Dazu geh\u00f6ren auch jede sonstige systematische Auswertung und Verbreitung der Inhalte dieser Homepage. Eine Nutzung der Texte, Programme und Abbildungen, auch auszugsweise, bedarf der vorherigen schriftlichen Zustimmung der InfectoPharm GmbH.<\/p>\n<p>In den vorliegenden Inhalten werden eingetragene, registrierte Warenzeichen, Handelsnamen und Gebrauchsnamen verwendet. Auch wenn diese nicht als solche gekennzeichnet sind, haben die entsprechenden Schutzbestimmungen volle Geltung.<\/p>\n<\/div>\n<div class=\"fusion-sep-clear\"><\/div>\n<div class=\"fusion-separator fusion-full-width-sep\"><\/div>\n<div class=\"fusion-sep-clear\"><\/div>\n<div class=\"fusion-text fusion-text-2\">\n<h3 class=\"fusion-responsive-typography-calculated\" data-fontsize=\"28\" data-lineheight=\"42px\">Rechtliche Hinweise<\/h3>\n<p>Das Wissen in der Medizin und den Naturwissenschaften unterliegt einer st\u00e4ndigen Weiterentwicklung durch Forschung und klinische Erfahrung. Die hier ver\u00f6ffentlichten Expertenstellungnahmen stellen Informationen nach bestem Wissen dar.<\/p>\n<p>InfectoPharm \u00fcbernimmt keinerlei Verantwortung oder Gew\u00e4hrleistung hinsichtlich der Aktualit\u00e4t und Richtigkeit dieser Stellungnahmen und lehnt diesbez\u00fcgliche Verpflichtungen ausdr\u00fccklich ab. Insbesondere kann InfectoPharm nicht alle Inhalte der von Dritten angebotenen Web-Seiten regelm\u00e4\u00dfig \u00fcberpr\u00fcfen, zu denen Links von dieser Seite aus f\u00fchren.<\/p>\n<p>In dem f\u00fcr Laien ausdr\u00fccklich geeigneten Bereich verwendet InfectoPharm gro\u00dfe Sorgfalt darauf, die sachliche Information in einer verst\u00e4ndlichen Form darzustellen. In keinem Fall aber ersetzt das Informationsangebot eine pers\u00f6nliche Untersuchung oder Diagnose durch einen approbierten Arzt.<\/p>\n<p><strong>Alle Nutzer dieser Seiten erkl\u00e4ren sich einverstanden, dass die Nutzung auf eigenes Risiko erfolgt.<\/strong><\/p>\n<\/div>\n<div class=\"fusion-sep-clear\"><\/div>\n<div class=\"fusion-separator fusion-full-width-sep\"><\/div>\n<div class=\"fusion-sep-clear\"><\/div>\n<div class=\"fusion-text fusion-text-3\">\n<h3 class=\"fusion-responsive-typography-calculated\" data-fontsize=\"28\" data-lineheight=\"42px\">Quellenangaben f\u00fcr die verwendeten Bilder und Grafiken<\/h3>\n<p><a href=\"https:\/\/www.shutterstock.com\/de\/\" target=\"_blank\" rel=\"noopener\">https:\/\/www.shutterstock.com\/<\/a><\/p>\n<p><a href=\"https:\/\/www.gettyimages.de\/\" target=\"_blank\" rel=\"noopener\">https:\/\/www.gettyimages.de\/<\/a><\/p>\n<p>Alle verwendeten Bilder und Grafiken dienen nur zur Veranschaulichung. Bei allen Bildern und Grafiken, in denen Personen abgebildet sind, handelt es sich um mit Models gestellte Agenturfotos.<\/p>\n<\/div>\n<div class=\"fusion-sep-clear\"><\/div>\n<div class=\"fusion-separator fusion-full-width-sep\"><\/div>\n<div class=\"fusion-sep-clear\"><\/div>\n<div class=\"fusion-text fusion-text-4\">\n<h3 class=\"fusion-responsive-typography-calculated\" data-fontsize=\"28\" data-lineheight=\"42px\">R\u00fcckmeldung<\/h3>\n<p>\u00dcber Lob freuen wir uns, Kritik macht uns besser.<br \/>\nIhre Anregungen und Verbesserungsw\u00fcnsche nehmen wir gerne per E-Mail entgegen.<br \/>\nInhaltliche R\u00fcckmeldungen mit dem Stichwort \u201eCF-BIBLIOGRAPHIE\u201c bitte an kontakt@infectopharm.com. Technische R\u00fcckmeldungen zur Website bitte an webmaster@infectopharm.com.<\/p>\n<p>\u00a9 2022 InfectoPharm Arzneimittel und Consilium GmbH<\/p>\n<\/div>\n","protected":false},"excerpt":{"rendered":"<p>Impressum (Angaben gem\u00e4\u00df \u00a7 5 TMG) Herausgeber InfectoPharm Arzneimittel und  [&#8230;]<\/p>\n","protected":false},"author":1,"featured_media":0,"parent":0,"menu_order":0,"comment_status":"closed","ping_status":"closed","template":"","meta":{"footnotes":""},"class_list":["post-7","page","type-page","status-publish","hentry"],"_links":{"self":[{"href":"https:\/\/cf-bibliographie.infectopharm.de\/index.php?rest_route=\/wp\/v2\/pages\/7","targetHints":{"allow":["GET"]}}],"collection":[{"href":"https:\/\/cf-bibliographie.infectopharm.de\/index.php?rest_route=\/wp\/v2\/pages"}],"about":[{"href":"https:\/\/cf-bibliographie.infectopharm.de\/index.php?rest_route=\/wp\/v2\/types\/page"}],"author":[{"embeddable":true,"href":"https:\/\/cf-bibliographie.infectopharm.de\/index.php?rest_route=\/wp\/v2\/users\/1"}],"replies":[{"embeddable":true,"href":"https:\/\/cf-bibliographie.infectopharm.de\/index.php?rest_route=%2Fwp%2Fv2%2Fcomments&post=7"}],"version-history":[{"count":3,"href":"https:\/\/cf-bibliographie.infectopharm.de\/index.php?rest_route=\/wp\/v2\/pages\/7\/revisions"}],"predecessor-version":[{"id":123,"href":"https:\/\/cf-bibliographie.infectopharm.de\/index.php?rest_route=\/wp\/v2\/pages\/7\/revisions\/123"}],"wp:attachment":[{"href":"https:\/\/cf-bibliographie.infectopharm.de\/index.php?rest_route=%2Fwp%2Fv2%2Fmedia&parent=7"}],"curies":[{"name":"wp","href":"https:\/\/api.w.org\/{rel}","templated":true}]}}